{"id":37,"date":"2016-09-02T16:15:59","date_gmt":"2016-09-02T16:15:59","guid":{"rendered":"http:\/\/biobiz-communications.com\/es\/?page_id=37"},"modified":"2017-09-04T11:45:40","modified_gmt":"2017-09-04T11:45:40","slug":"identidad-corporativa-y-publicidad","status":"publish","type":"page","link":"https:\/\/biobiz-communications.com\/es\/clientes2\/identidad-corporativa-y-publicidad\/","title":{"rendered":"Identidad corporativa y publicidad"},"content":{"rendered":"<style id=\"bwg-style-0\">    #bwg_container1_0 #bwg_container2_0 .bwg_album_extended_thumbnails_0 {      -moz-box-sizing: border-box;      box-sizing: border-box;      background-color: rgba(255, 255, 255, 0.00);      text-align: left;    }    #bwg_container1_0 #bwg_container2_0 .bwg-container-0.bwg-album-extended .bwg-extended-item {      display: flex;      flex-direction: row;      flex-wrap: wrap;      min-height: 150px;      border-bottom: 1px solid #E0E0E0;      background-color: rgba(255, 255, 255, 0.00);      border-radius: 0 0 0 0;      margin: 0 0 5px 0;      overflow: hidden;    }    #bwg_container1_0 #bwg_container2_0 .bwg-container-0.bwg-album-extended .bwg-extended-item0 {      margin: 10px 5px;      background-color: #FFFFFF;      border-radius: 0;      border: 1px solid #E8E8E8;      display: flex;      flex-direction: column;      padding: 5px;      justify-content: center;      max-width: 150px;    }    #bwg_container1_0 #bwg_container2_0 .bwg-container-0.bwg-album-extended .bwg-extended-item1 {      margin: 10px 5px;      background-color: #FFFFFF;      border-radius: 0;      border: 1px solid #E8E8E8;      display: flex;      flex-direction: column;      border-collapse: collapse;      padding: 5px;      justify-content: start;    }    #bwg_container1_0 #bwg_container2_0 .bwg-container-0.bwg-album-extended .bwg_title_spun_0 {      border: 1px none #CCCCCC;      color: #000000;      display: block;      font-family: segoe ui;      font-size: 16px;      font-weight: bold;      height: inherit;      margin-bottom: 2px;      padding: 2px;      text-align: left;      vertical-align: middle;      width: 100%;    }    #bwg_container1_0 #bwg_container2_0 .bwg-container-0.bwg-album-extended .bwg_description_spun1_0 a {      color: #000000;      font-size: 14px;      font-weight: normal;      font-family: segoe ui;    }    #bwg_container1_0 #bwg_container2_0 .bwg-container-0.bwg-album-extended .bwg_description_spun1_0 .bwg_description_short_0 p {      border: 1px none #CCCCCC;      display: inline-block;      color: #000000;      font-size: 14px;      font-weight: normal;      font-family: segoe ui;      height: inherit;      padding: 2px;      vertical-align: middle;      width: 100%;      word-wrap: break-word;      word-break: break-word;    }    #bwg_container1_0 #bwg_container2_0 .bwg-container-0.bwg-album-extended .bwg_description_spun1_0 * {      margin: 0;    }    #bwg_container1_0 #bwg_container2_0 .bwg-container-0.bwg-album-extended .bwg_description_spun2_0 {      float: left;    }    #bwg_container1_0 #bwg_container2_0 .bwg-container-0.bwg-album-extended .bwg_description_short_0 {      display: inline;    }    #bwg_container1_0 #bwg_container2_0 .bwg-container-0.bwg-album-extended .bwg_description_full {      display: none;    }    #bwg_container1_0 #bwg_container2_0 .bwg-container-0.bwg-album-extended .bwg_description_more_0 {      clear: both;      color: #F2D22E;      cursor: pointer;      float: right;      font-size: 12px;      font-weight: normal;    }    #bwg_container1_0 #bwg_container2_0 .bwg-container-0.bwg-album-extended .bwg-item0 {      padding: 0px;      background-color: #FFFFFF;      border-radius: 0;      border: 0px none #CCCCCC;      box-shadow: ;      margin: 2px;      opacity: 1.00;    }    #bwg_container1_0 #bwg_container2_0 .bwg-container-0.bwg-album-extended .bwg-item1 {      padding-top: 133%;    }          @media only screen and (min-width: 480px) {        #bwg_container1_0 #bwg_container2_0 .bwg-container-0.bwg-album-extended .bwg-item0 {                  }        #bwg_container1_0 #bwg_container2_0 .bwg-container-0.bwg-album-extended .bwg-item0:hover {          -ms-transform: scale(1.1);          -webkit-transform: scale(1.1);          transform: scale(1.1);        }        #bwg_container1_0 #bwg_container2_0 .bwg-container-0.bwg-album-extended .bwg-item1 img:hover {          -ms-transform: none;          -webkit-transform: none;          transform: none;        }      }          #bwg_container1_0 #bwg_container2_0 .bwg-container-0.bwg-standard-thumbnails {      width: 1004px;              justify-content: center;        margin:0 auto !important;              background-color: rgba(255, 255, 255, 0.00);            padding-left: 4px;      padding-top: 4px;      max-width: 100%;            }        #bwg_container1_0 #bwg_container2_0 .bwg-container-0.bwg-standard-thumbnails .bwg-item {    justify-content: flex-start;      max-width: 200px;            width: 200px !important;          }    #bwg_container1_0 #bwg_container2_0 .bwg-container-0.bwg-standard-thumbnails .bwg-item a {       margin-right: 4px;       margin-bottom: 4px;    }    #bwg_container1_0 #bwg_container2_0 .bwg-container-0.bwg-standard-thumbnails .bwg-item0 {      padding: 0px;            background-color:rgba(255,255,255, 0.30);      border: 0px none #CCCCCC;      opacity: 1.00;      border-radius: 0;      box-shadow: 0px 0px 0px #888888;    }    #bwg_container1_0 #bwg_container2_0 .bwg-container-0.bwg-standard-thumbnails .bwg-item1 img {      max-height: none;      max-width: none;      padding: 0 !important;    }        @media only screen and (min-width: 480px) {      #bwg_container1_0 #bwg_container2_0 .bwg-container-0.bwg-standard-thumbnails .bwg-item0 {        transition: all 0.3s ease 0s;-webkit-transition: all 0.3s ease 0s;      }      #bwg_container1_0 #bwg_container2_0 .bwg-container-0.bwg-standard-thumbnails .bwg-item0:hover {        -ms-transform: scale(1.1);        -webkit-transform: scale(1.1);        transform: scale(1.1);      }    }          #bwg_container1_0 #bwg_container2_0 .bwg-container-0.bwg-standard-thumbnails .bwg-item1 {      padding-top: 100%;    }        #bwg_container1_0 #bwg_container2_0 .bwg-container-0.bwg-standard-thumbnails .bwg-title2,    #bwg_container1_0 #bwg_container2_0 .bwg-container-0.bwg-standard-thumbnails .bwg-ecommerce2 {      color: #CCCCCC;      font-family: segoe ui;      font-size: 16px;      font-weight: bold;      padding: 2px;      text-shadow: 0px 0px 0px #888888;      max-height: 100%;    }    #bwg_container1_0 #bwg_container2_0 .bwg-container-0.bwg-standard-thumbnails .bwg-thumb-description span {    color: #323A45;    font-family: Ubuntu;    font-size: 12px;    max-height: 100%;    word-wrap: break-word;    }    #bwg_container1_0 #bwg_container2_0 .bwg-container-0.bwg-standard-thumbnails .bwg-play-icon2 {      font-size: 32px;    }    #bwg_container1_0 #bwg_container2_0 .bwg-container-0.bwg-standard-thumbnails .bwg-ecommerce2 {      font-size: 19.2px;      color: #CCCCCC;    }    <\/style>    <div id=\"bwg_container1_0\"         class=\"bwg_container bwg_thumbnail bwg_album_extended_preview bwg_thumbnail\"         data-right-click-protection=\"0\"         data-bwg=\"0\"         data-scroll=\"0\"         data-gallery-type=\"album_extended_preview\"         data-gallery-view-type=\"thumbnail\"         data-current-url=\"\/es\/wp-json\/wp\/v2\/pages\/37\"         data-lightbox-url=\"https:\/\/biobiz-communications.com\/es\/wp-admin\/admin-ajax.php?action=GalleryBox&#038;current_view=0&#038;gallery_id=0&#038;tag=0&#038;theme_id=1&#038;shortcode_id=1&#038;sort_by=order&#038;order_by=asc&#038;current_url=%2Fes%2Fwp-json%2Fwp%2Fv2%2Fpages%2F37\"         data-gallery-id=\"0\"         data-popup-width=\"800\"         data-popup-height=\"500\"         data-is-album=\"album\"         data-buttons-position=\"bottom\">      <div id=\"bwg_container2_0\">             <div id=\"ajax_loading_0\" class=\"bwg_loading_div_1\">      <div class=\"bwg_loading_div_2\">        <div class=\"bwg_loading_div_3\">          <div id=\"loading_div_0\" class=\"bwg_spider_ajax_loading\">          <\/div>        <\/div>      <\/div>    <\/div>            <form id=\"gal_front_form_0\"              class=\"bwg-hidden\"              method=\"post\"              action=\"#\"              data-current=\"0\"              data-shortcode-id=\"1\"              data-gallery-type=\"album_extended_preview\"              data-gallery-id=\"0\"              data-tag=\"0\"              data-album-id=\"1\"              data-theme-id=\"1\"              data-ajax-url=\"https:\/\/biobiz-communications.com\/es\/wp-admin\/admin-ajax.php?action=bwg_frontend_data\">          <div id=\"bwg_container3_0\" class=\"bwg-background bwg-background-0\">                  <div data-max-count=\"2\"           data-thumbnail-width=\"150\"           data-global-spacing=\"0 0 5px 0\"           data-spacing=\"10\"           data-bwg=\"0\"           id=\"bwg_album_extended_0\"           class=\"bwg-album-extended bwg-border-box bwg-thumbnails bwg-container bwg-container-0 bwg-album-thumbnails bwg_album_extended_thumbnails_0\">                  <div class=\"bwg-extended-item\">            <div class=\"bwg-extended-item0\">              <a class=\"bwg-a bwg-album bwg_album_0\"                href='\/es\/wp-json\/wp\/v2\/pages\/37?type_0=gallery&#038;album_gallery_id_0=1'                 style=\"font-size: 0;\"                 data-bwg=\"0\"                 data-container_id=\"bwg_album_extended_0\"                 data-alb_gal_id=\"1\"                 data-def_type=\"gallery\"                 data-title=\"Parque Cient\u00edfico de Barcelona (2015)\">                <div class=\"bwg-item0 bwg_album_thumb_0 \">                  <div class=\"bwg-item1 bwg_album_thumb_spun1_0\">                    <div class=\"bwg-item2\">                      <img decoding=\"async\" class=\"skip-lazy \"                           data-width=\"212.00\"                           data-height=\"300.00\"                           data-src=\"https:\/\/i0.wp.com\/biobiz-communications.com\/es\/wp-content\/uploads\/sites\/2\/photo-gallery\/thumb\/portada_memoria_activitats_2014_R.jpg?w=640&#038;ssl=1\"                           src=\"https:\/\/i0.wp.com\/biobiz-communications.com\/es\/wp-content\/uploads\/sites\/2\/photo-gallery\/thumb\/portada_memoria_activitats_2014_R.jpg?w=640&#038;ssl=1\"                           alt=\"Parque Cient\u00edfico de Barcelona (2015)\"                           title=\"Parque Cient\u00edfico de Barcelona (2015)\" data-recalc-dims=\"1\" \/>                    <\/div>                  <\/div>                <\/div>              <\/a>            <\/div>            <div class=\"bwg-extended-item1\">                              <a class=\"bwg-album bwg_album_0\"                   href='\/es\/wp-json\/wp\/v2\/pages\/37?type_0=gallery&#038;album_gallery_id_0=1'                   data-bwg=\"0\"                   data-container_id=\"bwg_album_extended_0\"                   data-alb_gal_id=\"1\"                   data-def_type=\"gallery\"                   data-title=\"Parque Cient\u00edfico de Barcelona (2015)\">                  <span class=\"bwg_title_spun_0\">Parque Cient\u00edfico de Barcelona (2015)<\/span>                <\/a>                                  <span class=\"bwg_description_spun1_0\">                <span class=\"bwg_description_short_0\">                  <p>Creaci\u00f3n de un\u00a0nuevo estilo gr\u00e1fico e implementaci\u00f3n de un nuevo enfoque de los contenidos de todas las publicaciones corporativas del PCB, aline\u00e1ndolas con\u00a0el nuevo\u00a0plan estrat\u00e9gico aprobado por el equipo directivo.<\/p>                <\/span>              <\/span>                              <\/div>          <\/div>                    <div class=\"bwg-extended-item\">            <div class=\"bwg-extended-item0\">              <a class=\"bwg-a bwg-album bwg_album_0\"                href='\/es\/wp-json\/wp\/v2\/pages\/37?type_0=gallery&#038;album_gallery_id_0=2'                 style=\"font-size: 0;\"                 data-bwg=\"0\"                 data-container_id=\"bwg_album_extended_0\"                 data-alb_gal_id=\"2\"                 data-def_type=\"gallery\"                 data-title=\"Biocat (2010)\">                <div class=\"bwg-item0 bwg_album_thumb_0 \">                  <div class=\"bwg-item1 bwg_album_thumb_spun1_0\">                    <div class=\"bwg-item2\">                      <img decoding=\"async\" class=\"skip-lazy \"                           data-width=\"300.00\"                           data-height=\"212.00\"                           data-src=\"https:\/\/i0.wp.com\/biobiz-communications.com\/es\/wp-content\/uploads\/sites\/2\/photo-gallery\/thumb\/Manual_identitatcorpBiocat.jpg?w=640&#038;ssl=1\"                           src=\"https:\/\/i0.wp.com\/biobiz-communications.com\/es\/wp-content\/uploads\/sites\/2\/photo-gallery\/thumb\/Manual_identitatcorpBiocat.jpg?w=640&#038;ssl=1\"                           alt=\"Biocat (2010)\"                           title=\"Biocat (2010)\" data-recalc-dims=\"1\" \/>                    <\/div>                  <\/div>                <\/div>              <\/a>            <\/div>            <div class=\"bwg-extended-item1\">                              <a class=\"bwg-album bwg_album_0\"                   href='\/es\/wp-json\/wp\/v2\/pages\/37?type_0=gallery&#038;album_gallery_id_0=2'                   data-bwg=\"0\"                   data-container_id=\"bwg_album_extended_0\"                   data-alb_gal_id=\"2\"                   data-def_type=\"gallery\"                   data-title=\"Biocat (2010)\">                  <span class=\"bwg_title_spun_0\">Biocat (2010)<\/span>                <\/a>                                  <span class=\"bwg_description_spun1_0\">                <span class=\"bwg_description_short_0\">                  <p>Direcci\u00f3n y aplicaci\u00f3n de un nuevo Manual de Identidad Corporativa, elaborado con la colaboraci\u00f3n del estudio de dise\u00f1o Firma. Quer\u00edamos depurar la imagen sin cambiar la marca, pero buscando un estilo gr\u00e1fico potente y f\u00e1cilmente identificable que se pudiera adaptar a una gran diversidad de soportes.<\/p>                <\/span>              <\/span>                              <\/div>          <\/div>                    <div class=\"bwg-extended-item\">            <div class=\"bwg-extended-item0\">              <a class=\"bwg-a bwg-album bwg_album_0\"                href='\/es\/wp-json\/wp\/v2\/pages\/37?type_0=gallery&#038;album_gallery_id_0=3'                 style=\"font-size: 0;\"                 data-bwg=\"0\"                 data-container_id=\"bwg_album_extended_0\"                 data-alb_gal_id=\"3\"                 data-def_type=\"gallery\"                 data-title=\"Intermon Oxfam (2007 - 2009)\">                <div class=\"bwg-item0 bwg_album_thumb_0 \">                  <div class=\"bwg-item1 bwg_album_thumb_spun1_0\">                    <div class=\"bwg-item2\">                      <img decoding=\"async\" class=\"skip-lazy \"                           data-width=\"205.00\"                           data-height=\"300.00\"                           data-src=\"https:\/\/i0.wp.com\/biobiz-communications.com\/es\/wp-content\/uploads\/sites\/2\/photo-gallery\/thumb\/anunci_IO.jpg?w=640&#038;ssl=1\"                           src=\"https:\/\/i0.wp.com\/biobiz-communications.com\/es\/wp-content\/uploads\/sites\/2\/photo-gallery\/thumb\/anunci_IO.jpg?w=640&#038;ssl=1\"                           alt=\"Intermon Oxfam (2007 - 2009)\"                           title=\"Intermon Oxfam (2007 - 2009)\" data-recalc-dims=\"1\" \/>                    <\/div>                  <\/div>                <\/div>              <\/a>            <\/div>            <div class=\"bwg-extended-item1\">                              <a class=\"bwg-album bwg_album_0\"                   href='\/es\/wp-json\/wp\/v2\/pages\/37?type_0=gallery&#038;album_gallery_id_0=3'                   data-bwg=\"0\"                   data-container_id=\"bwg_album_extended_0\"                   data-alb_gal_id=\"3\"                   data-def_type=\"gallery\"                   data-title=\"Intermon Oxfam (2007 - 2009)\">                  <span class=\"bwg_title_spun_0\">Intermon Oxfam (2007 - 2009)<\/span>                <\/a>                                  <span class=\"bwg_description_spun1_0\">                <span class=\"bwg_description_short_0\">                  <p>Entre las diferentes campa\u00f1as y actividades publicitarias que dirig\u00ed como responsable de Identidad Corporativa e Imagen de Oxfam Intermon (Navidad 2007, Navidad 2008, lanzamiento de una nueva marca de caf\u00e9 de comercio justo [2007], ediciones 2007, 2008 y 2009 de la fiesta un D\u00eda para la Esperanza), destaca la creaci\u00f3n, con la agencia Publicis, de una nueva l\u00ednea para la captaci\u00f3n de ayuda humanitaria, que sobresali\u00f3 por sus buenos resultados.<\/p><p>Llev\u00e1bamos a cabo campa\u00f1as de una considerable complejidad, con inserciones en prensa, radio, televisi\u00f3n e Internet pagadas y tambi\u00e9n gratuitas. Mi equipo gestionaba la inversi\u00f3n centralizada y preparaba soportes para las adaptaciones locales de los 45 comit\u00e9s de voluntarios con que cont\u00e1bamos.<\/p>                <\/span>              <\/span>                              <\/div>          <\/div>                <\/div>          <input type=\"hidden\" id=\"bwg_album_breadcrumb_0\" name=\"bwg_album_breadcrumb_0\" value='[{&quot;id&quot;:&quot;1&quot;,&quot;page&quot;:1}]' \/>    <style>      \/*pagination styles*\/      #bwg_container1_0 #bwg_container2_0 .tablenav-pages_0 {\t\t\t\ttext-align: center;\t\t\t\tfont-size: 12px;\t\t\t\tfont-family: segoe ui;\t\t\t\tfont-weight: bold;\t\t\t\tcolor: #666666;\t\t\t\tmargin: 6px 0 4px;\t\t\t\tdisplay: block;      }      @media only screen and (max-width : 320px) {      #bwg_container1_0 #bwg_container2_0 .displaying-num_0 {     \t display: none;      }      }      #bwg_container1_0 #bwg_container2_0 .displaying-num_0 {\t\t\t\tfont-size: 12px;\t\t\t\tfont-family: segoe ui;\t\t\t\tfont-weight: bold;\t\t\t\tcolor: #666666;\t\t\t\tmargin-right: 10px;\t\t\t\tvertical-align: middle;      }      #bwg_container1_0 #bwg_container2_0 .paging-input_0 {\t\t\t\tfont-size: 12px;\t\t\t\tfont-family: segoe ui;\t\t\t\tfont-weight: bold;\t\t\t\tcolor: #666666;\t\t\t\tvertical-align: middle;      }      #bwg_container1_0 #bwg_container2_0 .tablenav-pages_0 a.disabled,      #bwg_container1_0 #bwg_container2_0 .tablenav-pages_0 a.disabled:hover,      #bwg_container1_0 #bwg_container2_0 .tablenav-pages_0 a.disabled:focus,\t\t\t#bwg_container1_0 #bwg_container2_0 .tablenav-pages_0 input.bwg_current_page {\t\t\t\tcursor: default;\t\t\t\tcolor: rgba(102, 102, 102, 0.5);      }      #bwg_container1_0 #bwg_container2_0 .tablenav-pages_0 a,      #bwg_container1_0 #bwg_container2_0 .tablenav-pages_0 input.bwg_current_page {\t\t\t\tcursor: pointer;\t\t\t\ttext-align: center;\t\t\t\tfont-size: 12px;\t\t\t\tfont-family: segoe ui;\t\t\t\tfont-weight: bold;\t\t\t\tcolor: #666666;\t\t\t\ttext-decoration: none;\t\t\t\tpadding: 3px 6px;\t\t\t\tmargin: 0;\t\t\t\tborder-radius: 0;\t\t\t\tborder-style: solid;\t\t\t\tborder-width: 1px;\t\t\t\tborder-color: #E3E3E3;\t\t\t\t\t\t\t\tbackground-color: rgba(255, 255, 255, 1.00);\t\t\t\tbox-shadow: 0;\t\t\t\ttransition: all 0.3s ease 0s;-webkit-transition: all 0.3s ease 0s;      }      <\/style>      <span class=\"bwg_nav_cont_0\">              <div class=\"tablenav-pages_0\">                  <\/div>                <input type=\"hidden\" id=\"page_number_0\" name=\"page_number_0\" value=\"1\" \/>      <script type=\"text\/javascript\">        if( jQuery('.bwg_nav_cont_0').length > 1 ) {          jQuery('.bwg_nav_cont_0').first().remove()        }        function spider_page_0(cur, x, y, load_more) {          if (typeof load_more == \"undefined\") {            var load_more = false;          }          if (jQuery(cur).hasClass('disabled')) {            return false;          }          var items_county_0 = 1;          switch (y) {            case 1:              if (x >= items_county_0) {                document.getElementById('page_number_0').value = items_county_0;              }              else {                document.getElementById('page_number_0').value = x + 1;              }              break;            case 2:              document.getElementById('page_number_0').value = items_county_0;              break;            case -1:              if (x == 1) {                document.getElementById('page_number_0').value = 1;              }              else {                document.getElementById('page_number_0').value = x - 1;              }              break;            case -2:              document.getElementById('page_number_0').value = 1;              break;\t\t\t\t\t\tcase 0:              document.getElementById('page_number_0').value = x;              break;            default:              document.getElementById('page_number_0').value = 1;          }          bwg_ajax('gal_front_form_0', '0', 'bwg_album_extended_0', '1', '', 'album', 0, '', '', load_more, '', 1);        }                    jQuery('.first-page-0').on('click', function () {              spider_page_0(this, 1, -2, 'numeric');              return false;            });            jQuery('.prev-page-0').on('click', function () {              spider_page_0(this, 1, -1, 'numeric');              return false;            });            jQuery('.next-page-0').on('click', function () {              spider_page_0(this, 1, 1, 'numeric');              return false;            });            jQuery('.last-page-0').on('click', function () {              spider_page_0(this, 1, 2, 'numeric');              return false;            });        \t\t\t\t\/* Change page on input enter. *\/        function bwg_change_page_0( e, that ) {          if (  e.key == 'Enter' ) {            var to_page = parseInt(jQuery(that).val());            var pages_count = jQuery(that).parents(\".pagination-links\").data(\"pages-count\");            var current_url_param = jQuery(that).attr('data-url-info');            if (to_page > pages_count) {              to_page = 1;            }\t \t\t\t\t\t\t\t\t\t\t\t\tspider_page_0(this, to_page, 0, 'numeric');\t\t\t\t\t\t\treturn false;\t\t\t\t\t\t          }          return true;        }        jQuery('.bwg_load_btn_0').on('click', function () {            spider_page_0(this, 1, 1, true);            return false;        });      <\/script>      <\/span>                <\/div>        <\/form>        <style>          #bwg_container1_0 #bwg_container2_0 #spider_popup_overlay_0 {          background-color: #000000;          opacity: 0.70;          }          <\/style>        <div id=\"bwg_spider_popup_loading_0\" class=\"bwg_spider_popup_loading\"><\/div>        <div id=\"spider_popup_overlay_0\" class=\"spider_popup_overlay\" onclick=\"spider_destroypopup(1000)\"><\/div>        <input type=\"hidden\" id=\"bwg_random_seed_0\" value=\"553315693\">                <\/div>    <\/div>    <script>      if (document.readyState === 'complete') {        if( typeof bwg_main_ready == 'function' ) {          if ( jQuery(\"#bwg_container1_0\").height() ) {            bwg_main_ready(jQuery(\"#bwg_container1_0\"));          }        }      } else {        document.addEventListener('DOMContentLoaded', function() {          if( typeof bwg_main_ready == 'function' ) {            if ( jQuery(\"#bwg_container1_0\").height() ) {             bwg_main_ready(jQuery(\"#bwg_container1_0\"));            }          }        });      }    <\/script>    \n<p style=\"text-align: right;\"><a href=\"http:\/\/biobiz-communications.com\/es\/clientes2\/\">\u2190 Portafolio<\/a><\/p>\n","protected":false},"excerpt":{"rendered":"<p>\u2190 Portafolio<\/p>\n","protected":false},"author":1,"featured_media":0,"parent":193,"menu_order":1,"comment_status":"closed","ping_status":"closed","template":"","meta":{"_exactmetrics_skip_tracking":false,"_exactmetrics_sitenote_active":false,"_exactmetrics_sitenote_note":"","_exactmetrics_sitenote_category":0,"jetpack_post_was_ever_published":false,"footnotes":""},"jetpack_sharing_enabled":true,"jetpack_shortlink":"https:\/\/wp.me\/P7PRVv-B","_links":{"self":[{"href":"https:\/\/biobiz-communications.com\/es\/wp-json\/wp\/v2\/pages\/37"}],"collection":[{"href":"https:\/\/biobiz-communications.com\/es\/wp-json\/wp\/v2\/pages"}],"about":[{"href":"https:\/\/biobiz-communications.com\/es\/wp-json\/wp\/v2\/types\/page"}],"author":[{"embeddable":true,"href":"https:\/\/biobiz-communications.com\/es\/wp-json\/wp\/v2\/users\/1"}],"replies":[{"embeddable":true,"href":"https:\/\/biobiz-communications.com\/es\/wp-json\/wp\/v2\/comments?post=37"}],"version-history":[{"count":7,"href":"https:\/\/biobiz-communications.com\/es\/wp-json\/wp\/v2\/pages\/37\/revisions"}],"predecessor-version":[{"id":251,"href":"https:\/\/biobiz-communications.com\/es\/wp-json\/wp\/v2\/pages\/37\/revisions\/251"}],"up":[{"embeddable":true,"href":"https:\/\/biobiz-communications.com\/es\/wp-json\/wp\/v2\/pages\/193"}],"wp:attachment":[{"href":"https:\/\/biobiz-communications.com\/es\/wp-json\/wp\/v2\/media?parent=37"}],"curies":[{"name":"wp","href":"https:\/\/api.w.org\/{rel}","templated":true}]}}