{"id":28,"date":"2016-08-25T11:41:14","date_gmt":"2016-08-25T11:41:14","guid":{"rendered":"http:\/\/biobiz-communications.com\/es\/?page_id=28"},"modified":"2022-08-17T12:58:22","modified_gmt":"2022-08-17T11:58:22","slug":"servicios","status":"publish","type":"page","link":"https:\/\/biobiz-communications.com\/es\/servicios\/","title":{"rendered":"Servicios"},"content":{"rendered":"<h2>Planificaci\u00f3n y direcci\u00f3n estrat\u00e9gica<\/h2>\n<p>Cuando una organizaci\u00f3n no puede contar con una<strong> direcci\u00f3n de comunicaci\u00f3n y marketing<\/strong> a tiempo completo, el <em>outsourcing<\/em> se convierte la opci\u00f3n \u00f3ptima. BIOBIZ S&amp;C ser\u00e1 parte del tu equipo, haremos nuestro tu proyecto y llevaremos tu comunicaci\u00f3n al m\u00e1ximo.<\/p>\n<h2>Creaci\u00f3n de contenidos<\/h2>\n<p>Para alcanzar plenamente los\u00a0objetivos planteados,\u00a0tu proyecto innovador\u00a0debe\u00a0encontrar el mensaje justo para hacer llegar\u00a0la<strong>\u00a0propuesta de valor<\/strong> a tus p\u00fablicos y conseguir su implicaci\u00f3n. Clientes, colaboradores, inversores&#8230; cada colectivo requiere mensajes diferentes, siempre alineados con los conceptos clave, pero que hagan <strong>comprensible y atractiva tu propuesta innovadora<\/strong>.<\/p>\n<p>Explicamos tu <em>historia<\/em> adaptada en todos los formatos:<\/p>\n<ul>\n<li>webs y redes\u00a0sociales<\/li>\n<li>mailings y\u00a0suportes publicitarios<\/li>\n<li>folletos y\u00a0presentaciones corporativas<\/li>\n<li>memorias e informes<\/li>\n<\/ul>\n<h2>Estrategia digital<\/h2>\n<p>El ecosistema digital es cada d\u00eda m\u00e1s complejo y es el espacio donde <strong>construir\u00e1s tu reputaci\u00f3n y dialogar\u00e0s con tus p\u00fablicos<\/strong>. Te ayudamos a conceptualizar y poner en marcha tus diferentes canales en Internet, dise\u00f1amos y ejecutamos campa\u00f1as de marketing digital y medimos tus resultados en la red.<\/p>\n<ul>\n<li>Webs corporativas, webs de productos, <em>landing pages<\/em>&#8230;<\/li>\n<li>Twitter, Facebook, LinkedIn, Instagram, Pinterest&#8230;<\/li>\n<li>Emailings, newslewtters, blogs&#8230;<\/li>\n<\/ul>\n<h2>Organizaci\u00f3n y\u00a0direcci\u00f3n de eventos<\/h2>\n<p>La clave del \u00e9xito de cualquier acto p\u00fablico es tener bien definidos los<strong> objetivos<\/strong> y las <strong>audiencias<\/strong>, y una buena <strong>planificaci\u00f3n<\/strong> que no descuide ning\u00fan detalle, desde el concepto hasta la tecnolog\u00eda. Cuenta con nosotros si tienes que organizar:<\/p>\n<ul>\n<li>Conferencias<\/li>\n<li>Seminarios<\/li>\n<li>Mesas\u00a0rodondas<\/li>\n<li>Cursos<\/li>\n<\/ul>\n<p>Tambi\u00e9n te podemos ayudar a organizar tus reuniones internas con\u00a0inversores o colaboradores.<\/p>\n<h2>Relaci\u00f3n con los medios\u00a0de comunicaci\u00f3n<\/h2>\n<p>Seremos tu\u00a0<strong>gabinete de prensa<\/strong>\u00a0y nos ocuparemos de que tu mensaje llegue claro y comprensible a la sociedad.<\/p>\n<ul>\n<li>Notas y ruedas de prensa<\/li>\n<li>Art\u00edculos de opini\u00f3n<\/li>\n<li>Gesti\u00f3n de entrevistas y reportajes<\/li>\n<li>Atenci\u00f3n personalizada a los periodistas<\/li>\n<li>Formaci\u00f3n de portavoces<\/li>\n<\/ul>\n<p>&nbsp;<\/p>\n<hr \/>\n<p><strong>Si quieres m\u00e1s informaci\u00f3n sobre estos servicios, <a href=\"https:\/\/biobiz-communications.com\/es\/contacto\/\">contacta con nosotros<\/a>.<\/strong><\/p>\n","protected":false},"excerpt":{"rendered":"<p>Planificaci\u00f3n y direcci\u00f3n estrat\u00e9gica Cuando una organizaci\u00f3n no puede contar con una direcci\u00f3n de comunicaci\u00f3n y marketing a tiempo completo, el outsourcing se convierte la opci\u00f3n \u00f3ptima. BIOBIZ S&amp;C ser\u00e1 parte del tu equipo, haremos nuestro tu proyecto y llevaremos tu comunicaci\u00f3n al m\u00e1ximo. Creaci\u00f3n de contenidos Para alcanzar plenamente los\u00a0objetivos planteados,\u00a0tu proyecto innovador\u00a0debe\u00a0encontrar el <a href=\"https:\/\/biobiz-communications.com\/es\/servicios\/\" rel=\"nofollow\"><span class=\"sr-only\">Leer m\u00e1sServicios<\/span>[&hellip;]<\/a><\/p>\n","protected":false},"author":1,"featured_media":0,"parent":0,"menu_order":2,"comment_status":"closed","ping_status":"closed","template":"","meta":{"_exactmetrics_skip_tracking":false,"_exactmetrics_sitenote_active":false,"_exactmetrics_sitenote_note":"","_exactmetrics_sitenote_category":0,"jetpack_post_was_ever_published":false,"footnotes":""},"jetpack_sharing_enabled":true,"jetpack_shortlink":"https:\/\/wp.me\/P7PRVv-s","_links":{"self":[{"href":"https:\/\/biobiz-communications.com\/es\/wp-json\/wp\/v2\/pages\/28"}],"collection":[{"href":"https:\/\/biobiz-communications.com\/es\/wp-json\/wp\/v2\/pages"}],"about":[{"href":"https:\/\/biobiz-communications.com\/es\/wp-json\/wp\/v2\/types\/page"}],"author":[{"embeddable":true,"href":"https:\/\/biobiz-communications.com\/es\/wp-json\/wp\/v2\/users\/1"}],"replies":[{"embeddable":true,"href":"https:\/\/biobiz-communications.com\/es\/wp-json\/wp\/v2\/comments?post=28"}],"version-history":[{"count":16,"href":"https:\/\/biobiz-communications.com\/es\/wp-json\/wp\/v2\/pages\/28\/revisions"}],"predecessor-version":[{"id":487,"href":"https:\/\/biobiz-communications.com\/es\/wp-json\/wp\/v2\/pages\/28\/revisions\/487"}],"wp:attachment":[{"href":"https:\/\/biobiz-communications.com\/es\/wp-json\/wp\/v2\/media?parent=28"}],"curies":[{"name":"wp","href":"https:\/\/api.w.org\/{rel}","templated":true}]}}