{"id":187,"date":"2017-08-29T17:53:28","date_gmt":"2017-08-29T17:53:28","guid":{"rendered":"http:\/\/biobiz-communications.com\/es\/?page_id=187"},"modified":"2017-08-29T17:53:28","modified_gmt":"2017-08-29T17:53:28","slug":"aviso-legal","status":"publish","type":"page","link":"https:\/\/biobiz-communications.com\/es\/aviso-legal\/","title":{"rendered":"Aviso legal"},"content":{"rendered":"<h3>1. Datos identificativos<\/h3>\n<p>Esta es la web de <strong>BIOBIZ Strategy &amp; Communications<\/strong>, consultora de comunicaci\u00f3n y marketing creada por Adela Farr\u00e9 y Cuberes (NIF: 39156094-C), que es la titular del dominio <em>biobiz-communications.com<\/em> y responsable \u00faltima de la web y todos sus contenidos. El domicilio social de la empresa es C \/ de la Era, 51, 08221 Terrassa, y cualquier consulta relacionada con esta web puede dirigirse al correo <a href=\"mailto:web@biobiz-communications.com\">web@biobiz-communications.com<\/a> o al tel\u00e9fono (+34) 626 992 057 .<\/p>\n<h3>2. Tratamiento de datos personales<\/h3>\n<p>Si no se indica expl\u00edcitamente lo contrario en el mismo formulario, los datos personales enviados a trav\u00e9s de los formularios de contacto no se incorporan a ning\u00fan fichero centralizado y se utilizan exclusivamente para dar respuesta a las consultas recibidas. Como se explica en la <a href=\"http:\/\/biobiz-communications.com\/politica-de-cookies\/\">Pol\u00edtica de cookies<\/a>, tampoco se recoge ning\u00fan dato personal a trav\u00e9s de <em>cookies<\/em> propias.<\/p>\n<h3>3. Propiedad intelectual<\/h3>\n<p>Adela Farr\u00e9 es tambi\u00e9n titular del dominio <em>biobiznews.net<\/em> donde se publica el blog vinculado a esta web. La propiedad intelectual de todos los contenidos publicados en la web y el blog es de titularidad exclusiva de Adela Farr\u00e9, salvo en aquellos casos en que se indique espec\u00edficamente el <em>copyright<\/em> de una persona f\u00edsica o jur\u00eddica distinta. En la web y el blog se citan siempre las fuentes de los datos y se reproducen s\u00f3lo im\u00e1genes propias, fotograf\u00edas libres de derechos o de las que se ha autorizado la reproducci\u00f3n.<\/p>\n<p>Se autoriza la cita o reproducci\u00f3n parcial de los contenidos de la web <em>biobiz-communications.com<\/em> y del blog <em>biobiznews.net<\/em> con la condici\u00f3n de que se identifique claramente la autor\u00eda y, siempre que sea posible, se adjunte un enlace a la p\u00e1gina original . En cualquier caso, la titular de los derechos intelectuales de estos contenidos se reserva el derecho de requerir la retirada de cualquier cita o reproducci\u00f3n que considere inadecuada, ofensiva o lesiva para sus derechos.<\/p>\n<h3>4. Contenidos de terceros<\/h3>\n<p>La titular de estas plataformas no se hace responsable de las opiniones de terceros que puedan expresarse a trav\u00e9s de las herramientas de comentario del blog y la web. En todo caso, nos reservamos el derecho de despublicar y, en su caso, denunciar, cualquier contenido de terceros que consideremos inapropiado u ofensivo. Cualquier usuario que pueda verse afectado por actuaciones ilegales, o detecte un mal uso del blog y de la web por parte de otros usuarios, podr\u00e1 ponerlo en conocimiento de la titular a trav\u00e9s del correo <a href=\"mailto:web@biobiz-communications.com\">web@biobiz-communications.com<\/a>, para poder proceder a retirar los contenidos y emprender las acciones necesarias.<\/p>\n","protected":false},"excerpt":{"rendered":"<p>1. Datos identificativos Esta es la web de BIOBIZ Strategy &amp; Communications, consultora de comunicaci\u00f3n y marketing creada por Adela Farr\u00e9 y Cuberes (NIF: 39156094-C), que es la titular del dominio biobiz-communications.com y responsable \u00faltima de la web y todos sus contenidos. El domicilio social de la empresa es C \/ de la Era, 51, <a href=\"https:\/\/biobiz-communications.com\/es\/aviso-legal\/\" rel=\"nofollow\"><span class=\"sr-only\">Leer m\u00e1sAviso legal<\/span>[&hellip;]<\/a><\/p>\n","protected":false},"author":1,"featured_media":0,"parent":0,"menu_order":0,"comment_status":"closed","ping_status":"closed","template":"","meta":{"_exactmetrics_skip_tracking":false,"_exactmetrics_sitenote_active":false,"_exactmetrics_sitenote_note":"","_exactmetrics_sitenote_category":0,"jetpack_post_was_ever_published":false,"footnotes":""},"jetpack_sharing_enabled":true,"jetpack_shortlink":"https:\/\/wp.me\/P7PRVv-31","_links":{"self":[{"href":"https:\/\/biobiz-communications.com\/es\/wp-json\/wp\/v2\/pages\/187"}],"collection":[{"href":"https:\/\/biobiz-communications.com\/es\/wp-json\/wp\/v2\/pages"}],"about":[{"href":"https:\/\/biobiz-communications.com\/es\/wp-json\/wp\/v2\/types\/page"}],"author":[{"embeddable":true,"href":"https:\/\/biobiz-communications.com\/es\/wp-json\/wp\/v2\/users\/1"}],"replies":[{"embeddable":true,"href":"https:\/\/biobiz-communications.com\/es\/wp-json\/wp\/v2\/comments?post=187"}],"version-history":[{"count":1,"href":"https:\/\/biobiz-communications.com\/es\/wp-json\/wp\/v2\/pages\/187\/revisions"}],"predecessor-version":[{"id":188,"href":"https:\/\/biobiz-communications.com\/es\/wp-json\/wp\/v2\/pages\/187\/revisions\/188"}],"wp:attachment":[{"href":"https:\/\/biobiz-communications.com\/es\/wp-json\/wp\/v2\/media?parent=187"}],"curies":[{"name":"wp","href":"https:\/\/api.w.org\/{rel}","templated":true}]}}