{"id":18,"date":"2016-08-24T11:02:51","date_gmt":"2016-08-24T11:02:51","guid":{"rendered":"http:\/\/biobiz-communications.com\/es\/?page_id=18"},"modified":"2024-04-02T19:48:00","modified_gmt":"2024-04-02T18:48:00","slug":"sobrebiobiz","status":"publish","type":"page","link":"https:\/\/biobiz-communications.com\/es\/sobrebiobiz\/","title":{"rendered":"Sobre BIOBIZ S&#038;C"},"content":{"rendered":"<h2>\u00bfQui\u00e9nes somos?<\/h2>\n<p><strong>BIOBIZ Strategy &amp; Communications<\/strong> es una consultora de comunicaci\u00f3n y marketing digital, especializada en servicios para <strong><em>startups<\/em><\/strong> y entidades <strong><em>non-profit<\/em><\/strong> del sector de las <strong>ciencias de la vida y de la salud<\/strong>. Tambi\u00e9n trabajamos en <strong>proyectos singulares<\/strong> para empresas consolidadas e instituciones p\u00fablicas.<\/p>\n<h2>\u00bfQu\u00e9 hacemos?<\/h2>\n<p>Somos expertos en dise\u00f1ar e implementar estrategias de \u00e9xito en comunicaci\u00f3n y marketing para <strong>impulsar la innovaci\u00f3n<\/strong>. Hacemos que las empresas y las organizaciones alcancen sus objetivos y establezcan relaciones provechosas con sus stakeholders y sus p\u00fablicos.<\/p>\n<h2>\u00bfQu\u00e9 te ofrecemos?<\/h2>\n<p><strong><img loading=\"lazy\" decoding=\"async\" class=\"size-thumbnail alignleft\" src=\"https:\/\/i2.wp.com\/biobiz-communications.com\/wp-content\/uploads\/2016\/08\/hans-sacudida_318-23259_blue-e1472027275869.jpg?resize=65%2C52\" width=\"65\" height=\"52\" \/>Proximidad<\/strong><\/p>\n<p>Entendemos tu proyecto, sabemos qu\u00e9 necesitas y te acompa\u00f1amos en la consecuci\u00f3n de tus objetivos.<\/p>\n<p><strong><img loading=\"lazy\" decoding=\"async\" class=\"size-thumbnail alignleft\" src=\"https:\/\/i0.wp.com\/biobiz-communications.com\/wp-content\/uploads\/2016\/08\/bombilla-hecha-de-engranajes_color-e1471911250783.jpg?resize=65%2C69\" width=\"65\" height=\"69\" \/>Innovaci\u00f3n<\/strong><\/p>\n<p>Al igual que a ti, nos entusiasma abrir camino, ir por delante del resto, encontrar nuevas soluciones a los viejos problemas y los nuevos retos.<\/p>\n<p><strong><img loading=\"lazy\" decoding=\"async\" class=\"alignleft size-thumbnail\" src=\"https:\/\/i0.wp.com\/biobiz-communications.com\/wp-content\/uploads\/2016\/08\/biotech_256_P.jpg?resize=65%2C65\" width=\"65\" height=\"65\" \/>Conocimiento<\/strong><\/p>\n<p>Especialistas en ciencias de la vida y de la salud, conocemos en profundidad el sector biotec nacional e internacional, y contamos con una dilatada experiencia de trabajo con entidades solidarias y non-profit.<\/p>\n<p><strong><img loading=\"lazy\" decoding=\"async\" class=\"alignleft size-thumbnail\" src=\"https:\/\/i1.wp.com\/biobiz-communications.com\/wp-content\/uploads\/2016\/08\/cartera.jpg?resize=65%2C65\" width=\"65\" height=\"65\" \/>Profesionalidad<\/strong><\/p>\n<p>Es tan importante el qu\u00e9 como el c\u00f3mo. Nuestros activos son la cualificaci\u00f3n t\u00e9cnica, la calidad y una larga trayectoria en gesti\u00f3n de proyectos de complejidad y dimensiones diversas.<\/p>\n<p><strong><img loading=\"lazy\" decoding=\"async\" class=\"alignleft size-thumbnail\" src=\"https:\/\/i0.wp.com\/biobiz-communications.com\/wp-content\/uploads\/2016\/08\/a_mida.jpg?resize=65%2C65\" width=\"65\" height=\"65\" \/>Comunicaci\u00f3n a tu medida<\/strong><\/p>\n<p>Seas una startup, una entidad non-profit, una empresa consolidada o una gran instituci\u00f3n, dise\u00f1amos el proyecto que necesitas y dirigimos su implementaci\u00f3n, con equipos internos y externos.<\/p>\n<p><strong><img loading=\"lazy\" decoding=\"async\" class=\"alignleft size-thumbnail\" src=\"https:\/\/i0.wp.com\/biobiz-communications.com\/wp-content\/uploads\/2016\/08\/flecha-en-el-centro-de-la-diana-2.png?resize=65%2C65\" width=\"65\" height=\"65\" \/>Resoluci\u00f3n<\/strong><\/p>\n<p>We make it happen! Nos comprometemos con tu proyecto y lo llevamos hasta el final con eficacia y prontitud.<\/p>\n<p>&nbsp;<\/p>\n","protected":false},"excerpt":{"rendered":"<p>\u00bfQui\u00e9nes somos? BIOBIZ Strategy &amp; Communications es una consultora de comunicaci\u00f3n y marketing digital, especializada en servicios para startups y entidades non-profit del sector de las ciencias de la vida y de la salud. Tambi\u00e9n trabajamos en proyectos singulares para empresas consolidadas e instituciones p\u00fablicas. \u00bfQu\u00e9 hacemos? Somos expertos en dise\u00f1ar e implementar estrategias de <a href=\"https:\/\/biobiz-communications.com\/es\/sobrebiobiz\/\" rel=\"nofollow\"><span class=\"sr-only\">Leer m\u00e1sSobre BIOBIZ S&#038;C<\/span>[&hellip;]<\/a><\/p>\n","protected":false},"author":1,"featured_media":0,"parent":0,"menu_order":1,"comment_status":"closed","ping_status":"closed","template":"","meta":{"_exactmetrics_skip_tracking":false,"_exactmetrics_sitenote_active":false,"_exactmetrics_sitenote_note":"","_exactmetrics_sitenote_category":0,"jetpack_post_was_ever_published":false,"footnotes":""},"jetpack_sharing_enabled":false,"jetpack_shortlink":"https:\/\/wp.me\/P7PRVv-i","_links":{"self":[{"href":"https:\/\/biobiz-communications.com\/es\/wp-json\/wp\/v2\/pages\/18"}],"collection":[{"href":"https:\/\/biobiz-communications.com\/es\/wp-json\/wp\/v2\/pages"}],"about":[{"href":"https:\/\/biobiz-communications.com\/es\/wp-json\/wp\/v2\/types\/page"}],"author":[{"embeddable":true,"href":"https:\/\/biobiz-communications.com\/es\/wp-json\/wp\/v2\/users\/1"}],"replies":[{"embeddable":true,"href":"https:\/\/biobiz-communications.com\/es\/wp-json\/wp\/v2\/comments?post=18"}],"version-history":[{"count":25,"href":"https:\/\/biobiz-communications.com\/es\/wp-json\/wp\/v2\/pages\/18\/revisions"}],"predecessor-version":[{"id":351,"href":"https:\/\/biobiz-communications.com\/es\/wp-json\/wp\/v2\/pages\/18\/revisions\/351"}],"wp:attachment":[{"href":"https:\/\/biobiz-communications.com\/es\/wp-json\/wp\/v2\/media?parent=18"}],"curies":[{"name":"wp","href":"https:\/\/api.w.org\/{rel}","templated":true}]}}